{"id":51,"date":"2023-03-22T16:00:03","date_gmt":"2023-03-22T15:00:03","guid":{"rendered":"http:\/\/serwer2068182.home.pl\/autoinstalator\/wordpress2\/?page_id=51"},"modified":"2024-06-27T15:52:39","modified_gmt":"2024-06-27T13:52:39","slug":"do-pobrania-i-popatrzenia-sobie","status":"publish","type":"page","link":"http:\/\/dawidmnich.pl\/index.php\/do-pobrania-i-popatrzenia-sobie\/","title":{"rendered":"BLOG"},"content":{"rendered":"\n<h3 class=\"wp-block-heading\">W tym miejscu pisz\u0119 na tematy r\u00f3\u017cne, g\u0142\u00f3wnie dotycz\u0105ce t\u0142umaczenia i j\u0119zyk\u00f3w obcych og\u00f3lnie. Wszelkie komentarze s\u0105 zawsze mile widziane! <\/h3>\n\n\n<ul class=\"wp-block-archives-list wp-block-archives\">\t<li><a href='http:\/\/dawidmnich.pl\/index.php\/2024\/12\/'>grudzie\u0144 2024<\/a><\/li>\n\t<li><a href='http:\/\/dawidmnich.pl\/index.php\/2024\/11\/'>listopad 2024<\/a><\/li>\n\t<li><a href='http:\/\/dawidmnich.pl\/index.php\/2024\/09\/'>wrzesie\u0144 2024<\/a><\/li>\n\t<li><a href='http:\/\/dawidmnich.pl\/index.php\/2024\/07\/'>lipiec 2024<\/a><\/li>\n\t<li><a href='http:\/\/dawidmnich.pl\/index.php\/2024\/06\/'>czerwiec 2024<\/a><\/li>\n<\/ul>","protected":false},"excerpt":{"rendered":"<p>W tym miejscu pisz\u0119 na tematy r\u00f3\u017cne, g\u0142\u00f3wnie dotycz\u0105ce t\u0142umaczenia i j\u0119zyk\u00f3w obcych og\u00f3lnie. Wszelkie komentarze s\u0105 zawsze mile widziane!<\/p>\n","protected":false},"author":1,"featured_media":0,"parent":0,"menu_order":0,"comment_status":"closed","ping_status":"closed","template":"","meta":{"footnotes":""},"class_list":["post-51","page","type-page","status-publish","hentry"],"_links":{"self":[{"href":"http:\/\/dawidmnich.pl\/index.php\/wp-json\/wp\/v2\/pages\/51","targetHints":{"allow":["GET"]}}],"collection":[{"href":"http:\/\/dawidmnich.pl\/index.php\/wp-json\/wp\/v2\/pages"}],"about":[{"href":"http:\/\/dawidmnich.pl\/index.php\/wp-json\/wp\/v2\/types\/page"}],"author":[{"embeddable":true,"href":"http:\/\/dawidmnich.pl\/index.php\/wp-json\/wp\/v2\/users\/1"}],"replies":[{"embeddable":true,"href":"http:\/\/dawidmnich.pl\/index.php\/wp-json\/wp\/v2\/comments?post=51"}],"version-history":[{"count":11,"href":"http:\/\/dawidmnich.pl\/index.php\/wp-json\/wp\/v2\/pages\/51\/revisions"}],"predecessor-version":[{"id":668,"href":"http:\/\/dawidmnich.pl\/index.php\/wp-json\/wp\/v2\/pages\/51\/revisions\/668"}],"wp:attachment":[{"href":"http:\/\/dawidmnich.pl\/index.php\/wp-json\/wp\/v2\/media?parent=51"}],"curies":[{"name":"wp","href":"https:\/\/api.w.org\/{rel}","templated":true}]}}