{"id":879,"date":"2025-12-29T16:05:11","date_gmt":"2025-12-29T15:05:11","guid":{"rendered":"https:\/\/dawidmnich.pl\/?page_id=879"},"modified":"2025-12-29T16:09:18","modified_gmt":"2025-12-29T15:09:18","slug":"zarezerwuj-termin-szkolenia","status":"publish","type":"page","link":"http:\/\/dawidmnich.pl\/index.php\/zarezerwuj-termin-szkolenia\/","title":{"rendered":"Zarezerwuj termin szkolenia!"},"content":{"rendered":"\n<h2 class=\"wp-block-heading has-large-font-size\"><strong>Je\u015bli chcesz zarezerwowa\u0107 termin szkolenia, zadzwo\u0144 do mnie albo napisz do mnie email!<\/strong><\/h2>\n\n\n\n<h2 class=\"wp-block-heading has-medium-font-size\"><strong>Uzgodnimy wsp\u00f3lnie dogodny termin. Odpowiem te\u017c na wszystkie Twoje pytania dotycz\u0105ce szkolenia, kt\u00f3re Ci\u0119 interesuje.<\/strong><\/h2>\n\n\n\n<h2 class=\"wp-block-heading has-text-align-center has-text-color has-link-color has-large-font-size wp-elements-b5b3fbe9313938888817bf8501cdd550\" style=\"color:#195b81\"><strong>Tel. 607 340 824<\/strong><\/h2>\n\n\n\n<h2 class=\"wp-block-heading has-text-align-center has-text-color has-link-color has-large-font-size wp-elements-5ae205c26a3e3f811531171645cbddae\" style=\"color:#195b81\">E-mail: d.mnich@interia.pl<\/h2>\n\n\n\n<p><\/p>\n","protected":false},"excerpt":{"rendered":"<p>Je\u015bli chcesz zarezerwowa\u0107 termin szkolenia, zadzwo\u0144 do mnie albo napisz do mnie email! Uzgodnimy wsp\u00f3lnie dogodny termin. Odpowiem te\u017c na wszystkie Twoje pytania dotycz\u0105ce szkolenia, kt\u00f3re Ci\u0119 interesuje. Tel. 607 340 824 E-mail: d.mnich@interia.pl<\/p>\n","protected":false},"author":1,"featured_media":0,"parent":0,"menu_order":0,"comment_status":"closed","ping_status":"closed","template":"","meta":{"footnotes":""},"class_list":["post-879","page","type-page","status-publish","hentry"],"_links":{"self":[{"href":"http:\/\/dawidmnich.pl\/index.php\/wp-json\/wp\/v2\/pages\/879","targetHints":{"allow":["GET"]}}],"collection":[{"href":"http:\/\/dawidmnich.pl\/index.php\/wp-json\/wp\/v2\/pages"}],"about":[{"href":"http:\/\/dawidmnich.pl\/index.php\/wp-json\/wp\/v2\/types\/page"}],"author":[{"embeddable":true,"href":"http:\/\/dawidmnich.pl\/index.php\/wp-json\/wp\/v2\/users\/1"}],"replies":[{"embeddable":true,"href":"http:\/\/dawidmnich.pl\/index.php\/wp-json\/wp\/v2\/comments?post=879"}],"version-history":[{"count":6,"href":"http:\/\/dawidmnich.pl\/index.php\/wp-json\/wp\/v2\/pages\/879\/revisions"}],"predecessor-version":[{"id":886,"href":"http:\/\/dawidmnich.pl\/index.php\/wp-json\/wp\/v2\/pages\/879\/revisions\/886"}],"wp:attachment":[{"href":"http:\/\/dawidmnich.pl\/index.php\/wp-json\/wp\/v2\/media?parent=879"}],"curies":[{"name":"wp","href":"https:\/\/api.w.org\/{rel}","templated":true}]}}