{"id":45,"date":"2023-03-22T15:59:23","date_gmt":"2023-03-22T14:59:23","guid":{"rendered":"http:\/\/serwer2068182.home.pl\/autoinstalator\/wordpress2\/?page_id=45"},"modified":"2025-06-18T18:12:42","modified_gmt":"2025-06-18T16:12:42","slug":"poczatek","status":"publish","type":"page","link":"https:\/\/dawidmnich.pl\/","title":{"rendered":"&#8222;Granice mojego j\u0119zyka s\u0105 granicami mojego \u015bwiata&#8221;"},"content":{"rendered":"\n<p><\/p>\n\n\n\n<p><\/p>\n\n\n\n<h6 class=\"wp-block-heading has-text-align-center has-x-large-font-size\" style=\"text-transform:uppercase\"><strong><em>T\u0142umacz przysi\u0119g\u0142y j\u0119zyka angielskiego<\/em><\/strong><\/h6>\n\n\n\n<h3 class=\"wp-block-heading has-text-align-center has-vivid-red-color has-text-color has-link-color has-medium-font-size wp-elements-49cd3bed7984e76d78aa6197c07e3ab1\"><strong>Pszczyna, Czechowice-Dziedzice, Tychy, Bielsko-Bia\u0142a, Katowice<\/strong><\/h3>\n\n\n\n<h6 class=\"wp-block-heading has-text-align-center has-x-large-font-size\" style=\"text-transform:uppercase\"><em><strong>T\u0141UMACZ PRAWNICZY I BIZNESOWY<\/strong><\/em><\/h6>\n\n\n\n<h6 class=\"wp-block-heading has-text-align-center has-x-large-font-size\" style=\"text-transform:uppercase\"> <em><strong>NAUKA J\u0118ZYKA ANGIELSKIEGO inaczej<\/strong><\/em><\/h6>\n\n\n\n<hr class=\"wp-block-separator has-alpha-channel-opacity\"\/>\n\n\n\n<h2 class=\"wp-block-heading has-text-align-left has-vivid-cyan-blue-color has-text-color has-large-font-size\"><strong><em>Dzie\u0144 dobry!<\/em><\/strong><\/h2>\n\n\n\n<h2 class=\"wp-block-heading has-medium-font-size\">Mi\u0142o, \u017ce tutaj jeste\u015b. <\/h2>\n\n\n\n<h2 class=\"wp-block-heading has-medium-font-size\">J\u0119zyki obce s\u0105 ze mn\u0105 od blisko trzech dekad<em>. <\/em>Przez ten czas r\u00f3\u017cne pr\u00f3bowa\u0142y si\u0119 ze mn\u0105 zaprzyja\u017ani\u0107. Na pocz\u0105tku rosyjski \u2013 to by\u0142a burzliwa znajomo\u015b\u0107, ale to raczej tak z rozs\u0105dku. P\u00f3\u017aniej francuski \u2013 kr\u00f3tka przygoda bez zobowi\u0105za\u0144. Niemiecki te\u017c pr\u00f3bowa\u0142, ale zosta\u0142 skutecznie pokonany przez hiszpa\u0144ski i w\u0142oski. Z tej dw\u00f3jki d\u0142u\u017cej utrzyma\u0142 si\u0119 jednak ten drugi. Te wszystkie przelotne znajomo\u015bci przes\u0142oni\u0142 jednak j\u0119zyk angielski. <\/h2>\n\n\n\n<h2 class=\"wp-block-heading has-medium-font-size\">To, co z pocz\u0105tku zapowiada\u0142o si\u0119 niewinnie, z czasem nabra\u0142o wyj\u0105tkowego znaczenia. To do\u015bwiadczenie my\u015blenia przez inny j\u0119zyk, patrzenia na \u015bwiat nieco inaczej, ukszta\u0142towa\u0142o mnie bezsprzecznie.<\/h2>\n\n\n\n<h2 class=\"wp-block-heading has-medium-font-size\">Tym wszystkim, co prze\u017cy\u0142em przez te 30 lat pracy z j\u0119zykiem, chc\u0119 dzieli\u0107 si\u0119 i dziel\u0119 si\u0119 nieprzerwanie z innymi lud\u017ami. Na dwa sposoby: <\/h2>\n\n\n\n<h2 class=\"wp-block-heading has-medium-font-size\">pracuj\u0105c z dzie\u0107mi, m\u0142odzie\u017c\u0105 i doros\u0142ymi, staraj\u0105c si\u0119 zaszczepi\u0107 w nich autentyczne zainteresowanie \u015bwiatem przez inny j\u0119zyk oraz pokaza\u0107 im, \u017ce nauka j\u0119zyka mo\u017ce by\u0107 naprawd\u0119 fascynuj\u0105cym, buduj\u0105cym cz\u0142owieka do\u015bwiadczeniem, a ponadto<\/h2>\n\n\n\n<h2 class=\"wp-block-heading has-medium-font-size\">pomagaj\u0105c ambitnym prawnikom i nieprzeci\u0119tnym przedsi\u0119biorcom rozwija\u0107 si\u0119 biznesowo i osi\u0105ga\u0107 cele zawodowe, a osobom prywatnym \u2013 za\u0142atwia\u0107 wszelkie sprawy, do kt\u00f3rych potrzebne s\u0105 t\u0142umaczenia po\u015bwiadczone i inne, w tym ustne (s\u0105dowe, urz\u0119dowe czy notarialne), mi\u0119dzy j\u0119zykami polskim i angielskim.<\/h2>\n\n\n\n<h2 class=\"wp-block-heading has-medium-font-size\">Po 25 latach pracy stworzy\u0142em w malowniczej Pszczynie miejsce, w kt\u00f3rym w pe\u0142ni profesjonalnie (w t\u0142umaczeniach) oraz oryginalnie, czasami spontanicznie (nauka j\u0119zyka), mog\u0119 dzieli\u0107 si\u0119 z innymi swoj\u0105 wiedz\u0105, swoim do\u015bwiadczeniem, a przede wszystkim nies\u0142abn\u0105c\u0105 pasj\u0105 do j\u0119zyka angielskiego i wszystkiego, co z nim zwi\u0105zane.<\/h2>\n\n\n\n<hr class=\"wp-block-separator has-alpha-channel-opacity\"\/>\n\n\n\n<div class=\"wp-block-media-text alignwide has-media-on-the-right is-stacked-on-mobile\" style=\"grid-template-columns:auto 36%\"><div class=\"wp-block-media-text__content\">\n<h1 class=\"wp-block-heading has-vivid-red-color has-text-color\"><strong>Pracownia t\u0142umaczeniowa<\/strong><\/h1>\n\n\n\n<h2 class=\"wp-block-heading\">T\u0142umaczenia po\u015bwiadczone (przysi\u0119g\u0142e)<\/h2>\n\n\n\n<h2 class=\"wp-block-heading\">T\u0142umaczenia prawnicze i biznesowe<\/h2>\n\n\n\n<h2 class=\"wp-block-heading\">T\u0142umaczenie ustne (s\u0105dowe, urz\u0119dowe i notarialne)<\/h2>\n\n\n\n<h2 class=\"wp-block-heading\"><\/h2>\n<\/div><figure class=\"wp-block-media-text__media\"><img loading=\"lazy\" decoding=\"async\" width=\"1024\" height=\"683\" src=\"http:\/\/serwer2068182.home.pl\/autoinstalator\/wordpress2\/wp-content\/uploads\/2023\/04\/MGDX1874-4-1024x683.jpg\" alt=\"\" class=\"wp-image-556 size-full\" srcset=\"https:\/\/dawidmnich.pl\/wp-content\/uploads\/2023\/04\/MGDX1874-4-1024x683.jpg 1024w, https:\/\/dawidmnich.pl\/wp-content\/uploads\/2023\/04\/MGDX1874-4-300x200.jpg 300w, https:\/\/dawidmnich.pl\/wp-content\/uploads\/2023\/04\/MGDX1874-4-768x512.jpg 768w, https:\/\/dawidmnich.pl\/wp-content\/uploads\/2023\/04\/MGDX1874-4-1536x1025.jpg 1536w, https:\/\/dawidmnich.pl\/wp-content\/uploads\/2023\/04\/MGDX1874-4-2048x1367.jpg 2048w\" sizes=\"auto, (max-width: 1024px) 100vw, 1024px\" \/><\/figure><\/div>\n\n\n\n<hr class=\"wp-block-separator has-alpha-channel-opacity\"\/>\n\n\n\n<div class=\"wp-block-media-text alignwide is-stacked-on-mobile\" style=\"grid-template-columns:38% auto\"><figure class=\"wp-block-media-text__media\"><img loading=\"lazy\" decoding=\"async\" width=\"768\" height=\"1024\" src=\"http:\/\/serwer2068182.home.pl\/autoinstalator\/wordpress2\/wp-content\/uploads\/2023\/04\/20230308_150435-6-768x1024.jpg\" alt=\"\" class=\"wp-image-561 size-full\" srcset=\"https:\/\/dawidmnich.pl\/wp-content\/uploads\/2023\/04\/20230308_150435-6-768x1024.jpg 768w, https:\/\/dawidmnich.pl\/wp-content\/uploads\/2023\/04\/20230308_150435-6-225x300.jpg 225w, https:\/\/dawidmnich.pl\/wp-content\/uploads\/2023\/04\/20230308_150435-6-1152x1536.jpg 1152w, https:\/\/dawidmnich.pl\/wp-content\/uploads\/2023\/04\/20230308_150435-6-1536x2048.jpg 1536w, https:\/\/dawidmnich.pl\/wp-content\/uploads\/2023\/04\/20230308_150435-6-scaled.jpg 1920w\" sizes=\"auto, (max-width: 768px) 100vw, 768px\" \/><\/figure><div class=\"wp-block-media-text__content\">\n<p><\/p>\n\n\n\n<h1 class=\"wp-block-heading has-vivid-red-color has-text-color\"><strong>Pracownia j\u0119zykowa<\/strong><\/h1>\n\n\n\n<h2 class=\"wp-block-heading has-vivid-cyan-blue-color has-text-color\"><strong>J\u0118ZYKOWE SPA<\/strong><\/h2>\n\n\n\n<h4 class=\"wp-block-heading\"><em><strong>KURSY KONWERSACYJNE I KURSY WIDEO, DAJ\u0104CE UKOJENIE PO CI\u0118\u017bKIM TYGODNIU PRACY.  TO PRAKTYCZNA NAUKA J\u0118ZYKA I MY\u015aLENIA PO ANGIELSKU<\/strong><\/em><strong><em>.<\/em><\/strong><\/h4>\n\n\n\n<h2 class=\"wp-block-heading has-vivid-cyan-blue-color has-text-color\"><strong>PRZYCHODNIA<\/strong><\/h2>\n\n\n\n<h4 class=\"wp-block-heading\"><strong><em>KONSULTACJE J\u0118ZYKOWE DLA POCZ\u0104TKUJ\u0104CYCH I TYCH, KT\u00d3RZY BARDZO CHC\u0104, ALE JAKO\u015a NIE WIEDZ\u0104 JAK. ZDIAGNOZUJEMY PROBLEM I ZAPLANUJEMY LECZENIE<\/em><\/strong>.<\/h4>\n\n\n\n<h2 class=\"wp-block-heading has-vivid-cyan-blue-color has-text-color\"><strong>POGOTOWIE<\/strong><\/h2>\n\n\n\n<h4 class=\"wp-block-heading\"><em><strong>ZAJ\u0118CIA POWT\u00d3RKOWE W TRYBIE PILNYM I REANIMACYJNYM PRZED EGZAMINEM, SPRAWDZIANEM W SZKOLE, WYJAZDEM ZA GRANIC\u0118, ROZMOW\u0104 W SPRAWIE PRACY CZY SPOTKANIEM BIZNESOWYM<\/strong><\/em>.<\/h4>\n\n\n\n<h2 class=\"wp-block-heading has-vivid-cyan-blue-color has-text-color\"><strong>SZPITAL KLINICZNY<\/strong><\/h2>\n\n\n\n<h4 class=\"wp-block-heading\"><strong><em>PRAKTYCZNA  NAUKA T\u0141UMACZENIA SPECJALISTYCZNEGO DLA STUDENT\u00d3W ANGLISTYKI O SPECJALNO\u015aCI T\u0141UMACZENIOWEJ ORAZ KANDYDAT\u00d3W DO EGZAMINU NA T\u0141UMACZA PRZYSI\u0118G\u0141EGO<\/em><\/strong>.<\/h4>\n\n\n\n<h2 class=\"wp-block-heading has-vivid-cyan-blue-color has-text-color\"><strong>KLINIKA PRAWNIKA<\/strong><\/h2>\n\n\n\n<h4 class=\"wp-block-heading\"><em><strong>REGULARNE KURSY J\u0118ZYKA ANGIELSKIEGO Z ELEMENTAMI PRAWA ANGIELSKIEGO. TO PRAKTYCZNA NAUKA POS\u0141UGIWANIA SI\u0118 J\u0118ZYKIEM ANGIELSKIM W \u015aRODOWISKU PRAWNICZYM<\/strong><\/em>.<\/h4>\n\n\n\n<h2 class=\"wp-block-heading has-vivid-cyan-blue-color has-text-color\"><strong>J\u0118ZYKOWA KOZETKA<\/strong><\/h2>\n\n\n\n<h4 class=\"wp-block-heading\"><em><strong>SPOTKANIA DLA TYCH, KT\u00d3RZY CHC\u0104 POZBY\u0106 SI\u0118 L\u0118KU PRZED M\u00d3WIENIEM I PRZYGOTOWA\u0106 SI\u0118 NA PE\u0141N\u0104 EMOCJI I ZABAWY PRAC\u0118 NAD J\u0118ZYKIEM ANGIELSKIM<\/strong><\/em>.<\/h4>\n<\/div><\/div>\n\n\n\n<p class=\"has-text-align-center\"><\/p>\n\n\n\n<hr class=\"wp-block-separator has-alpha-channel-opacity\"\/>\n\n\n\n<div class=\"wp-block-columns is-layout-flex wp-container-core-columns-is-layout-9d6595d7 wp-block-columns-is-layout-flex\">\n<div class=\"wp-block-column is-layout-flow wp-block-column-is-layout-flow\" style=\"flex-basis:66.66%\">\n<p><\/p>\n\n\n\n<p><\/p>\n\n\n\n<p class=\"has-black-color has-text-color has-medium-font-size\"><em>W pewnym wyj\u0105tkowym miejscu w Pszczynie czeka na Ciebie j\u0119zykowa przygoda, o jak\u0105 trudno na zwyk\u0142ych kursach czy w szkole publicznej! <\/em><\/p>\n\n\n\n<p class=\"has-medium-font-size\"><\/p>\n\n\n\n<p class=\"has-black-color has-text-color has-medium-font-size\"><em>Przekonaj si\u0119, \u017ce praktyczna nauka j\u0119zyka mo\u017ce by\u0107 jednocze\u015bnie relaksem i \u015bwietn\u0105 zabaw\u0105! Naucz si\u0119 my\u015ble\u0107 po angielsku i poznawaj \u015bwiat z innej perspektywy! <\/em><\/p>\n\n\n\n<p class=\"has-medium-font-size\"><\/p>\n\n\n\n<p class=\"has-black-color has-text-color has-medium-font-size\"><em>Zapraszam ka\u017cdego do mojego j\u0119zykowego spa! <\/em><\/p>\n\n\n\n<p><\/p>\n\n\n\n<p class=\"has-black-color has-text-color has-medium-font-size\"><em>Na konsultacje, praktyczne konwersacje, seanse wideo z praktyczn\u0105 nauk\u0105 j\u0119zyka, kursy dla prawnik\u00f3w i przedsi\u0119biorc\u00f3w oraz nauk\u0119 t\u0142umaczenia specjalistycznego pod okiem do\u015bwiadczonego lektora, szkoleniowca i t\u0142umacza zawodowego!<\/em><\/p>\n\n\n\n<p class=\"has-black-color has-text-color has-medium-font-size\"><em>Je\u015bli masz do\u015b\u0107 nauki j\u0119zyka przez \u017cmudne \u0107wiczenia gramatyczne i wkuwanie wyraz\u00f3w z kartek, to zapraszam Ci\u0119 do mnie. Zobaczysz, \u017ce nauka j\u0119zyka mo\u017ce by\u0107 wspania\u0142ym, buduj\u0105cym cz\u0142owieka do\u015bwiadczeniem. Przygod\u0105 nawet na ca\u0142e \u017cycie. Opr\u00f3cz oczywi\u015bcie czysto praktycznego narz\u0119dzia do komunikacji. B\u0119dziemy rozmawia\u0107 i czyta\u0107. Bawi\u0107 si\u0119 s\u0142owami i ideami. B\u0119dziemy poznawa\u0107 \u015bwiat z innej perspektywy<\/em>!<\/p>\n\n\n\n<p class=\"has-text-align-right has-black-color has-text-color has-medium-font-size\"><em>Dawid Mnich<\/em><\/p>\n<\/div>\n\n\n\n<div class=\"wp-block-column is-layout-flow wp-block-column-is-layout-flow\" style=\"flex-basis:33.33%\">\n<figure class=\"wp-block-image size-large is-resized\"><img loading=\"lazy\" decoding=\"async\" width=\"683\" height=\"1024\" src=\"http:\/\/serwer2068182.home.pl\/autoinstalator\/wordpress2\/wp-content\/uploads\/2023\/03\/Zdjecie-profilowe-1-683x1024.jpg\" alt=\"\" class=\"wp-image-94\" style=\"width:257px;height:385px\" srcset=\"https:\/\/dawidmnich.pl\/wp-content\/uploads\/2023\/03\/Zdjecie-profilowe-1-683x1024.jpg 683w, https:\/\/dawidmnich.pl\/wp-content\/uploads\/2023\/03\/Zdjecie-profilowe-1-200x300.jpg 200w, https:\/\/dawidmnich.pl\/wp-content\/uploads\/2023\/03\/Zdjecie-profilowe-1-768x1151.jpg 768w, https:\/\/dawidmnich.pl\/wp-content\/uploads\/2023\/03\/Zdjecie-profilowe-1-1025x1536.jpg 1025w, https:\/\/dawidmnich.pl\/wp-content\/uploads\/2023\/03\/Zdjecie-profilowe-1-1367x2048.jpg 1367w, https:\/\/dawidmnich.pl\/wp-content\/uploads\/2023\/03\/Zdjecie-profilowe-1-scaled.jpg 1708w\" sizes=\"auto, (max-width: 683px) 100vw, 683px\" \/><\/figure>\n<\/div>\n<\/div>\n\n\n\n<hr class=\"wp-block-separator has-alpha-channel-opacity\"\/>\n\n\n\n<blockquote class=\"wp-block-quote is-style-large is-layout-flow wp-block-quote-is-layout-flow\">\n<p><\/p>\n<\/blockquote>\n","protected":false},"excerpt":{"rendered":"<p>T\u0142umacz przysi\u0119g\u0142y j\u0119zyka angielskiego Pszczyna, Czechowice-Dziedzice, Tychy, Bielsko-Bia\u0142a, Katowice T\u0141UMACZ PRAWNICZY I BIZNESOWY NAUKA J\u0118ZYKA ANGIELSKIEGO inaczej Dzie\u0144 dobry! Mi\u0142o, \u017ce tutaj jeste\u015b. J\u0119zyki obce s\u0105 ze mn\u0105 od blisko trzech dekad. Przez ten czas r\u00f3\u017cne pr\u00f3bowa\u0142y si\u0119 ze mn\u0105 zaprzyja\u017ani\u0107. Na pocz\u0105tku rosyjski \u2013 to by\u0142a burzliwa znajomo\u015b\u0107, ale to raczej tak z rozs\u0105dku. [&hellip;]<\/p>\n","protected":false},"author":1,"featured_media":0,"parent":0,"menu_order":0,"comment_status":"closed","ping_status":"closed","template":"","meta":{"footnotes":""},"class_list":["post-45","page","type-page","status-publish","hentry"],"_links":{"self":[{"href":"https:\/\/dawidmnich.pl\/index.php\/wp-json\/wp\/v2\/pages\/45","targetHints":{"allow":["GET"]}}],"collection":[{"href":"https:\/\/dawidmnich.pl\/index.php\/wp-json\/wp\/v2\/pages"}],"about":[{"href":"https:\/\/dawidmnich.pl\/index.php\/wp-json\/wp\/v2\/types\/page"}],"author":[{"embeddable":true,"href":"https:\/\/dawidmnich.pl\/index.php\/wp-json\/wp\/v2\/users\/1"}],"replies":[{"embeddable":true,"href":"https:\/\/dawidmnich.pl\/index.php\/wp-json\/wp\/v2\/comments?post=45"}],"version-history":[{"count":185,"href":"https:\/\/dawidmnich.pl\/index.php\/wp-json\/wp\/v2\/pages\/45\/revisions"}],"predecessor-version":[{"id":790,"href":"https:\/\/dawidmnich.pl\/index.php\/wp-json\/wp\/v2\/pages\/45\/revisions\/790"}],"wp:attachment":[{"href":"https:\/\/dawidmnich.pl\/index.php\/wp-json\/wp\/v2\/media?parent=45"}],"curies":[{"name":"wp","href":"https:\/\/api.w.org\/{rel}","templated":true}]}}